{"id":12,"date":"2026-03-12T19:30:33","date_gmt":"2026-03-12T18:30:33","guid":{"rendered":"https:\/\/wostal.itcom.pl\/index.php\/oferta\/"},"modified":"2026-03-12T19:30:35","modified_gmt":"2026-03-12T18:30:35","slug":"oferta","status":"publish","type":"page","link":"https:\/\/wostal.itcom.pl\/index.php\/oferta\/","title":{"rendered":"Oferta"},"content":{"rendered":"\t\t<div data-elementor-type=\"wp-page\" data-elementor-id=\"12\" class=\"elementor elementor-12\">\n\t\t\t\t<div class=\"elementor-element elementor-element-6185da5 e-flex e-con-boxed e-con e-parent\" data-id=\"6185da5\" data-element_type=\"container\" data-e-type=\"container\" data-settings=\"{&quot;background_background&quot;:&quot;classic&quot;}\">\n\t\t\t\t\t<div class=\"e-con-inner\">\n\t\t<div class=\"elementor-element elementor-element-acd8a42 e-con-full e-flex e-con e-child\" data-id=\"acd8a42\" data-element_type=\"container\" data-e-type=\"container\">\n\t\t\t\t<div class=\"elementor-element elementor-element-0e68898 elementor-widget elementor-widget-heading\" data-id=\"0e68898\" data-element_type=\"widget\" data-e-type=\"widget\" data-widget_type=\"heading.default\">\n\t\t\t\t\t<h2 class=\"elementor-heading-title elementor-size-default\">Oferujemy solidne us\u0142ugi<\/h2>\t\t\t\t<\/div>\n\t\t\t\t<\/div>\n\t\t<div class=\"elementor-element elementor-element-8fd0565 e-con-full e-flex e-con e-child\" data-id=\"8fd0565\" data-element_type=\"container\" data-e-type=\"container\">\n\t\t\t\t<div class=\"elementor-element elementor-element-fb70a6f elementor-widget elementor-widget-text-editor\" data-id=\"fb70a6f\" data-element_type=\"widget\" data-e-type=\"widget\" data-widget_type=\"text-editor.default\">\n\t\t\t\t\t\t\t\t\t<p>Specjalizujemy si\u0119 w precyzyjnych us\u0142ugach spawania CNC oraz budowie trwa\u0142ych konstrukcji stalowych. Nasze do\u015bwiadczenie w odlewach metalowych gwarantuje najwy\u017csz\u0105 jako\u015b\u0107 i satysfakcj\u0119 klient\u00f3w.<\/p>\t\t\t\t\t\t\t\t<\/div>\n\t\t\t\t<\/div>\n\t\t\t\t\t<\/div>\n\t\t\t\t<\/div>\n\t\t<div class=\"elementor-element elementor-element-05748d7 e-flex e-con-boxed e-con e-parent\" data-id=\"05748d7\" data-element_type=\"container\" data-e-type=\"container\">\n\t\t\t\t\t<div class=\"e-con-inner\">\n\t\t<div class=\"elementor-element elementor-element-3174aed e-con-full e-flex e-con e-child\" data-id=\"3174aed\" data-element_type=\"container\" data-e-type=\"container\" data-settings=\"{&quot;background_background&quot;:&quot;classic&quot;}\">\n\t\t\t\t<div class=\"elementor-element elementor-element-865b816 elementor-widget elementor-widget-image-box\" data-id=\"865b816\" data-element_type=\"widget\" data-e-type=\"widget\" data-widget_type=\"image-box.default\">\n\t\t\t\t\t<div class=\"elementor-image-box-wrapper\"><div class=\"elementor-image-box-content\"><h4 class=\"elementor-image-box-title\">Details of the event<\/h4><p class=\"elementor-image-box-description\">A short paragraph describing your company\u2019s goals or mission statement. This section is meant to help visitors understand the purpose of your business. Lorem ipsum elementum tempus egestas sed sed. Eget nullam non nisi est sit amet facilisis magna.<\/p><\/div><\/div>\t\t\t\t<\/div>\n\t\t\t\t<div class=\"elementor-element elementor-element-ed6588b elementor-widget elementor-widget-image-box\" data-id=\"ed6588b\" data-element_type=\"widget\" data-e-type=\"widget\" data-widget_type=\"image-box.default\">\n\t\t\t\t\t<div class=\"elementor-image-box-wrapper\"><div class=\"elementor-image-box-content\"><h4 class=\"elementor-image-box-title\">Details of the event<\/h4><p class=\"elementor-image-box-description\">A short paragraph describing your company\u2019s goals or mission statement. This section is meant to help visitors understand the purpose of your business. Lorem ipsum elementum tempus egestas sed sed. Eget nullam non nisi est sit amet facilisis magna.<\/p><\/div><\/div>\t\t\t\t<\/div>\n\t\t\t\t<div class=\"elementor-element elementor-element-6e95540 elementor-widget elementor-widget-image-box\" data-id=\"6e95540\" data-element_type=\"widget\" data-e-type=\"widget\" data-widget_type=\"image-box.default\">\n\t\t\t\t\t<div class=\"elementor-image-box-wrapper\"><div class=\"elementor-image-box-content\"><h4 class=\"elementor-image-box-title\">Details of the event<\/h4><p class=\"elementor-image-box-description\">A short paragraph describing your company\u2019s goals or mission statement. This section is meant to help visitors understand the purpose of your business. Lorem ipsum elementum tempus egestas sed sed. Eget nullam non nisi est sit amet facilisis magna.<\/p><\/div><\/div>\t\t\t\t<\/div>\n\t\t\t\t<\/div>\n\t\t<div class=\"elementor-element elementor-element-8b40741 e-con-full e-flex e-con e-child\" data-id=\"8b40741\" data-element_type=\"container\" data-e-type=\"container\">\n\t\t\t\t<div class=\"elementor-element elementor-element-1d17a9f elementor-widget elementor-widget-heading\" data-id=\"1d17a9f\" data-element_type=\"widget\" data-e-type=\"widget\" data-widget_type=\"heading.default\">\n\t\t\t\t\t<h2 class=\"elementor-heading-title elementor-size-default\">About The Service<\/h2>\t\t\t\t<\/div>\n\t\t\t\t<div class=\"elementor-element elementor-element-d56ec28 elementor-widget elementor-widget-text-editor\" data-id=\"d56ec28\" data-element_type=\"widget\" data-e-type=\"widget\" data-widget_type=\"text-editor.default\">\n\t\t\t\t\t\t\t\t\tLorem ipsum elementum tempus egestas sed sed. Eget nullam non nisi est sit amet.\t\t\t\t\t\t\t\t<\/div>\n\t\t\t\t<\/div>\n\t\t<div class=\"elementor-element elementor-element-2e8867c e-con-full e-flex e-con e-child\" data-id=\"2e8867c\" data-element_type=\"container\" data-e-type=\"container\" data-settings=\"{&quot;background_background&quot;:&quot;classic&quot;}\">\n\t\t\t\t<div class=\"elementor-element elementor-element-c9b8046 elementor-widget elementor-widget-image-box\" data-id=\"c9b8046\" data-element_type=\"widget\" data-e-type=\"widget\" data-widget_type=\"image-box.default\">\n\t\t\t\t\t<div class=\"elementor-image-box-wrapper\"><div class=\"elementor-image-box-content\"><h4 class=\"elementor-image-box-title\">Details of the event<\/h4><p class=\"elementor-image-box-description\">A short paragraph describing your company\u2019s goals or mission statement. This section is meant to help visitors understand the purpose of your business. Lorem ipsum elementum tempus egestas sed sed. Eget nullam non nisi est sit amet facilisis magna.<\/p><\/div><\/div>\t\t\t\t<\/div>\n\t\t\t\t<div class=\"elementor-element elementor-element-f5df642 elementor-widget elementor-widget-image-box\" data-id=\"f5df642\" data-element_type=\"widget\" data-e-type=\"widget\" data-widget_type=\"image-box.default\">\n\t\t\t\t\t<div class=\"elementor-image-box-wrapper\"><div class=\"elementor-image-box-content\"><h4 class=\"elementor-image-box-title\">Details of the event<\/h4><p class=\"elementor-image-box-description\">A short paragraph describing your company\u2019s goals or mission statement. This section is meant to help visitors understand the purpose of your business. Lorem ipsum elementum tempus egestas sed sed. Eget nullam non nisi est sit amet facilisis magna.<\/p><\/div><\/div>\t\t\t\t<\/div>\n\t\t\t\t<div class=\"elementor-element elementor-element-d418a9d elementor-widget elementor-widget-image-box\" data-id=\"d418a9d\" data-element_type=\"widget\" data-e-type=\"widget\" data-widget_type=\"image-box.default\">\n\t\t\t\t\t<div class=\"elementor-image-box-wrapper\"><div class=\"elementor-image-box-content\"><h4 class=\"elementor-image-box-title\">Details of the event<\/h4><p class=\"elementor-image-box-description\">A short paragraph describing your company\u2019s goals or mission statement. This section is meant to help visitors understand the purpose of your business. Lorem ipsum elementum tempus egestas sed sed. Eget nullam non nisi est sit amet facilisis magna.<\/p><\/div><\/div>\t\t\t\t<\/div>\n\t\t\t\t<\/div>\n\t\t\t\t\t<\/div>\n\t\t\t\t<\/div>\n\t\t\t\t<\/div>\n\t\t","protected":false},"excerpt":{"rendered":"<p>Oferujemy solidne us\u0142ugi Specjalizujemy si\u0119 w precyzyjnych us\u0142ugach spawania CNC oraz budowie trwa\u0142ych konstrukcji stalowych. Nasze do\u015bwiadczenie w odlewach metalowych gwarantuje najwy\u017csz\u0105 jako\u015b\u0107 i satysfakcj\u0119 klient\u00f3w. Details of the event A short paragraph describing your company\u2019s goals or mission statement. This section is meant to help visitors understand the purpose of your business. Lorem ipsum&#8230;<\/p>\n","protected":false},"author":1,"featured_media":0,"parent":0,"menu_order":0,"comment_status":"closed","ping_status":"closed","template":"","meta":{"_kadence_starter_templates_imported_post":false,"_kad_post_transparent":"","_kad_post_title":"","_kad_post_layout":"","_kad_post_sidebar_id":"","_kad_post_content_style":"","_kad_post_vertical_padding":"","_kad_post_feature":"","_kad_post_feature_position":"","_kad_post_header":false,"_kad_post_footer":false,"_kad_post_classname":"","footnotes":""},"class_list":["post-12","page","type-page","status-publish","hentry"],"_links":{"self":[{"href":"https:\/\/wostal.itcom.pl\/index.php\/wp-json\/wp\/v2\/pages\/12","targetHints":{"allow":["GET"]}}],"collection":[{"href":"https:\/\/wostal.itcom.pl\/index.php\/wp-json\/wp\/v2\/pages"}],"about":[{"href":"https:\/\/wostal.itcom.pl\/index.php\/wp-json\/wp\/v2\/types\/page"}],"author":[{"embeddable":true,"href":"https:\/\/wostal.itcom.pl\/index.php\/wp-json\/wp\/v2\/users\/1"}],"replies":[{"embeddable":true,"href":"https:\/\/wostal.itcom.pl\/index.php\/wp-json\/wp\/v2\/comments?post=12"}],"version-history":[{"count":1,"href":"https:\/\/wostal.itcom.pl\/index.php\/wp-json\/wp\/v2\/pages\/12\/revisions"}],"predecessor-version":[{"id":19,"href":"https:\/\/wostal.itcom.pl\/index.php\/wp-json\/wp\/v2\/pages\/12\/revisions\/19"}],"wp:attachment":[{"href":"https:\/\/wostal.itcom.pl\/index.php\/wp-json\/wp\/v2\/media?parent=12"}],"curies":[{"name":"wp","href":"https:\/\/api.w.org\/{rel}","templated":true}]}}